{"id":98,"date":"2023-07-31T15:05:02","date_gmt":"2023-07-31T13:05:02","guid":{"rendered":"https:\/\/brnguyen.fr\/wpdalat\/?page_id=98"},"modified":"2023-08-01T11:56:26","modified_gmt":"2023-08-01T09:56:26","slug":"nos-offres-pour-traveleurs","status":"publish","type":"page","link":"https:\/\/brnguyen.fr\/wpdalat\/nos-offres-pour-traveleurs\/","title":{"rendered":"Nos offres pour traveleurs"},"content":{"rendered":"\n<div class=\"wp-block-group alignfull has-global-padding is-layout-constrained\">\n<div class=\"wp-block-cover alignfull\" style=\"min-height:490px\"><span aria-hidden=\"true\" class=\"wp-block-cover__background has-background-dim-0 has-background-dim\"><\/span><img decoding=\"async\" loading=\"lazy\" width=\"1761\" height=\"813\" class=\"wp-block-cover__image-background wp-image-38\" alt=\"\" src=\"https:\/\/brnguyen.fr\/wpdalat\/wp-content\/uploads\/2023\/07\/20190603_114049.jpg\" data-object-fit=\"cover\"\/><div class=\"wp-block-cover__inner-container\">\n<p class=\"has-text-align-center has-large-font-size\"><\/p>\n<\/div><\/div>\n<\/div>\n\n\n\n<p>Voici un exemple des circuits que l&rsquo;on peut vous proposer :<\/p>\n\n\n\n<figure class=\"wp-block-table is-style-regular\"><table><tbody><tr><td><strong>Nom de l&rsquo;offre<\/strong><\/td><td><strong>D\u00e9tails<\/strong><\/td><td><strong>Nombre de personnes <\/strong><\/td><td><strong>Prix indicatif \/ personne<\/strong><\/td><\/tr><tr><td>Circuit visite des chutes d&rsquo;eau et points de vues<\/td><td>Randonn\u00e9es vers les chutes de Pongour, chutes de Datantla, chute de l&rsquo;\u00e9l\u00e9phant, etc&#8230; (transport &amp; guide)<\/td><td>4 \u00e0 6 pers.<\/td><td>750k VND<br><\/td><\/tr><tr><td>Circuit parcs \u00e0 th\u00e8mes<\/td><td>3 parc \u00e0 th\u00e8mes pour le bonheur des tout petits. (ent\u00e9es &amp; transports)<\/td><td>4 \u00e0 6 pers.<\/td><td>550k VND<\/td><\/tr><tr><td>Circuit fun &amp; water<\/td><td>canyoning dans la rivi\u00e8re, descente en rappel, cliff-diving, tyroliennes. (transports &amp; mat\u00e9riel fournit)<\/td><td>En groupe de 10 \u00e0 15 personnes<br>(possibilit\u00e9s de s&rsquo;ajouter \u00e0 un groupe existant).<\/td><td>1.5M VND<\/td><\/tr><tr><td>Circuit gourmet<\/td><td>D\u00e9couverte des sp\u00e9cialit\u00e9es culinaires de la r\u00e9gion, de l&rsquo;artisanat local (caf\u00e9 et vins) et street-food.<\/td><td>2 pers. min.<\/td><td>450k VND<\/td><\/tr><tr><td>Circuit les lieux touristiques.<\/td><td>Visite des principaux points touristiques.<\/td><td>2 \u00e0 4 pers.<\/td><td>700k VND<\/td><\/tr><tr><td>Circuit hors des sentiers battus<\/td><td>Randos et nuit chez l&rsquo;habitant.<\/td><td>4 \u00e0 6 pers<\/td><td>2.5k VND<\/td><\/tr><tr><td>Circuit bikers<\/td><td>L&rsquo;aventure sur les zigs et zags de la montagne. <\/td><td>Nous contacter<\/td><td>Sur devis<\/td><\/tr><\/tbody><\/table><\/figure>\n\n\n\n<p>Contactez nous pour obtenir un devis personnalis\u00e9 \ud83d\ude09<\/p>\n\n\n\n<div class=\"wp-block-group alignfull is-layout-flow\">\n<figure class=\"wp-block-gallery alignfull has-nested-images columns-6 is-cropped wp-block-gallery-2 is-layout-flex\" style=\"padding-top:0;padding-right:0;padding-bottom:0;padding-left:0\">\n<figure class=\"wp-block-image size-full\"><img decoding=\"async\" loading=\"lazy\" width=\"1445\" height=\"813\" src=\"https:\/\/brnguyen.fr\/wpdalat\/wp-content\/uploads\/2023\/07\/20160803_111330.jpg\" alt=\"\" class=\"wp-image-50\"\/><\/figure>\n\n\n\n<figure class=\"wp-block-image size-full\"><img decoding=\"async\" loading=\"lazy\" width=\"1200\" height=\"812\" src=\"https:\/\/brnguyen.fr\/wpdalat\/wp-content\/uploads\/2023\/07\/Clay-tunnel-Dalat-Vietnam.jpg\" alt=\"\" class=\"wp-image-78\"\/><\/figure>\n\n\n\n<figure class=\"wp-block-image size-full\"><img decoding=\"async\" loading=\"lazy\" width=\"1920\" height=\"476\" src=\"https:\/\/brnguyen.fr\/wpdalat\/wp-content\/uploads\/2023\/07\/20160803_153619.jpg\" alt=\"\" class=\"wp-image-40\"\/><\/figure>\n\n\n\n<figure class=\"wp-block-image size-full\"><img decoding=\"async\" loading=\"lazy\" width=\"3912\" height=\"2934\" src=\"https:\/\/brnguyen.fr\/wpdalat\/wp-content\/uploads\/2023\/07\/polina-rytova-eZbxM176E2c-unsplash.jpg\" alt=\"\" class=\"wp-image-53\"\/><\/figure>\n\n\n\n<figure class=\"wp-block-image size-full\"><img decoding=\"async\" loading=\"lazy\" width=\"600\" height=\"375\" src=\"https:\/\/brnguyen.fr\/wpdalat\/wp-content\/uploads\/2023\/07\/canyoning-in-dalat_6.jpg\" alt=\"\" class=\"wp-image-36\"\/><\/figure>\n\n\n\n<figure class=\"wp-block-image size-full\"><img decoding=\"async\" loading=\"lazy\" width=\"1914\" height=\"884\" src=\"https:\/\/brnguyen.fr\/wpdalat\/wp-content\/uploads\/2023\/07\/20190601_132741.jpg\" alt=\"\" class=\"wp-image-29\"\/><\/figure>\n<\/figure>\n<\/div>\n","protected":false},"excerpt":{"rendered":"<p>Voici un exemple des circuits que l&rsquo;on peut vous proposer : Nom de l&rsquo;offre D\u00e9tails Nombre de personnes Prix indicatif \/ personne Circuit visite des chutes d&rsquo;eau et points de vues Randonn\u00e9es vers les chutes de Pongour, chutes de Datantla, chute de l&rsquo;\u00e9l\u00e9phant, etc&#8230; (transport &amp; guide) 4 \u00e0 6 pers. 750k VND Circuit parcs [&hellip;]<\/p>\n","protected":false},"author":1,"featured_media":0,"parent":0,"menu_order":0,"comment_status":"closed","ping_status":"closed","template":"","meta":[],"_links":{"self":[{"href":"https:\/\/brnguyen.fr\/wpdalat\/wp-json\/wp\/v2\/pages\/98"}],"collection":[{"href":"https:\/\/brnguyen.fr\/wpdalat\/wp-json\/wp\/v2\/pages"}],"about":[{"href":"https:\/\/brnguyen.fr\/wpdalat\/wp-json\/wp\/v2\/types\/page"}],"author":[{"embeddable":true,"href":"https:\/\/brnguyen.fr\/wpdalat\/wp-json\/wp\/v2\/users\/1"}],"replies":[{"embeddable":true,"href":"https:\/\/brnguyen.fr\/wpdalat\/wp-json\/wp\/v2\/comments?post=98"}],"version-history":[{"count":5,"href":"https:\/\/brnguyen.fr\/wpdalat\/wp-json\/wp\/v2\/pages\/98\/revisions"}],"predecessor-version":[{"id":120,"href":"https:\/\/brnguyen.fr\/wpdalat\/wp-json\/wp\/v2\/pages\/98\/revisions\/120"}],"wp:attachment":[{"href":"https:\/\/brnguyen.fr\/wpdalat\/wp-json\/wp\/v2\/media?parent=98"}],"curies":[{"name":"wp","href":"https:\/\/api.w.org\/{rel}","templated":true}]}}